{"id":2808,"date":"2020-10-13T08:26:28","date_gmt":"2020-10-13T08:26:28","guid":{"rendered":"http:\/\/localhost\/onath\/?page_id=2808"},"modified":"2025-04-15T15:41:55","modified_gmt":"2025-04-15T12:41:55","slug":"team","status":"publish","type":"page","link":"https:\/\/t-gate.co\/en\/team\/","title":{"rendered":"Team"},"content":{"rendered":"\t\t<div data-elementor-type=\"wp-page\" data-elementor-id=\"2808\" class=\"elementor elementor-2808\" data-elementor-post-type=\"page\">\n\t\t\t\t\t\t<section class=\"elementor-section elementor-top-section elementor-element elementor-element-6150860 elementor-section-boxed elementor-section-height-default elementor-section-height-default\" data-id=\"6150860\" data-element_type=\"section\" data-settings=\"{&quot;jet_parallax_layout_list&quot;:[]}\">\n\t\t\t\t\t\t<div class=\"elementor-container elementor-column-gap-default\">\n\t\t\t\t\t<div class=\"elementor-column elementor-col-25 elementor-top-column elementor-element elementor-element-3e67d70\" data-id=\"3e67d70\" data-element_type=\"column\">\n\t\t\t<div class=\"elementor-widget-wrap elementor-element-populated\">\n\t\t\t\t\t\t<div class=\"elementor-element elementor-element-0d102fa elementor-widget elementor-widget-jet-team-member\" data-id=\"0d102fa\" data-element_type=\"widget\" data-widget_type=\"jet-team-member.default\">\n\t\t\t\t<div class=\"elementor-widget-container\">\n\t\t\t\t\t<div class=\"elementor-jet-team-member jet-elements\"><div class=\"jet-team-member jet-team-member--cover-hover\">\n\t<div class=\"jet-team-member__inner\">\n\t\t<div class=\"jet-team-member__image\">\n\t\t\t<div class=\"jet-team-member__cover\"><h3 class=\"jet-team-member__name\"><span class=\"jet-team-member__name-first\">Gamze <\/span><span class=\"jet-team-member__name-last\"> Bayraktar<\/span><\/h3><div class=\"jet-team-member__socials\"><div class=\"jet-team-member__socials-item\"><a href=\"https:\/\/www.linkedin.com\/in\/gamze-bayraktar-005065182\" aria-label=\"LinkedIn\"><div class=\"jet-team-member__socials-icon\"><div class=\"inner\"><span class=\"jet-elements-icon\"><i aria-hidden=\"true\" class=\"fab fa-linkedin\"><\/i><\/span><\/div><\/div><\/a><\/div><\/div><\/div>\n\t\t\t<figure class=\"jet-team-member__figure\"><img fetchpriority=\"high\" decoding=\"async\" width=\"800\" height=\"800\" src=\"https:\/\/t-gate.co\/en\/wp-content\/uploads\/2024\/05\/gamze-bayraktar-1-2.jpg\" class=\"jet-team-member__img-tag\" alt=\"gamze-bayraktar-1-2\" srcset=\"https:\/\/t-gate.co\/en\/wp-content\/uploads\/2024\/05\/gamze-bayraktar-1-2.jpg 800w, https:\/\/t-gate.co\/en\/wp-content\/uploads\/2024\/05\/gamze-bayraktar-1-2-300x300.jpg 300w, https:\/\/t-gate.co\/en\/wp-content\/uploads\/2024\/05\/gamze-bayraktar-1-2-150x150.jpg 150w, https:\/\/t-gate.co\/en\/wp-content\/uploads\/2024\/05\/gamze-bayraktar-1-2-768x768.jpg 768w, https:\/\/t-gate.co\/en\/wp-content\/uploads\/2024\/05\/gamze-bayraktar-1-2-450x450.jpg 450w, https:\/\/t-gate.co\/en\/wp-content\/uploads\/2024\/05\/gamze-bayraktar-1-2-106x106.jpg 106w, https:\/\/t-gate.co\/en\/wp-content\/uploads\/2024\/05\/gamze-bayraktar-1-2-560x560.jpg 560w, https:\/\/t-gate.co\/en\/wp-content\/uploads\/2024\/05\/gamze-bayraktar-1-2-70x70.jpg 70w\" sizes=\"(max-width: 800px) 100vw, 800px\" \/><\/figure>\t\t<\/div>\n\t\t<div class=\"jet-team-member__content\"><\/div>\n\t<\/div>\n<\/div>\n<\/div>\t\t\t\t<\/div>\n\t\t\t\t<\/div>\n\t\t\t\t\t<\/div>\n\t\t<\/div>\n\t\t\t\t<div class=\"elementor-column elementor-col-25 elementor-top-column elementor-element elementor-element-d8af070\" data-id=\"d8af070\" data-element_type=\"column\">\n\t\t\t<div class=\"elementor-widget-wrap elementor-element-populated\">\n\t\t\t\t\t\t<div class=\"elementor-element elementor-element-fb7d123 elementor-widget elementor-widget-jet-team-member\" data-id=\"fb7d123\" data-element_type=\"widget\" data-widget_type=\"jet-team-member.default\">\n\t\t\t\t<div class=\"elementor-widget-container\">\n\t\t\t\t\t<div class=\"elementor-jet-team-member jet-elements\"><div class=\"jet-team-member jet-team-member--cover-hover\">\n\t<div class=\"jet-team-member__inner\">\n\t\t<div class=\"jet-team-member__image\">\n\t\t\t<div class=\"jet-team-member__cover\"><h3 class=\"jet-team-member__name\"><span class=\"jet-team-member__name-first\">Emel  <\/span><span class=\"jet-team-member__name-last\"> \u00c7etin<\/span><\/h3><div class=\"jet-team-member__socials\"><div class=\"jet-team-member__socials-item\"><a href=\"https:\/\/www.linkedin.com\/in\/emel-%C3%A7etin-06078631\/\" aria-label=\"LinkedIn\"><div class=\"jet-team-member__socials-icon\"><div class=\"inner\"><span class=\"jet-elements-icon\"><i aria-hidden=\"true\" class=\"fab fa-linkedin\"><\/i><\/span><\/div><\/div><\/a><\/div><\/div><\/div>\n\t\t\t<figure class=\"jet-team-member__figure\"><img decoding=\"async\" width=\"800\" height=\"800\" src=\"https:\/\/t-gate.co\/en\/wp-content\/uploads\/2023\/10\/1648449688-1643006566-emel.jpg\" class=\"jet-team-member__img-tag\" alt=\"1648449688-1643006566-emel\" srcset=\"https:\/\/t-gate.co\/en\/wp-content\/uploads\/2023\/10\/1648449688-1643006566-emel.jpg 800w, https:\/\/t-gate.co\/en\/wp-content\/uploads\/2023\/10\/1648449688-1643006566-emel-300x300.jpg 300w, https:\/\/t-gate.co\/en\/wp-content\/uploads\/2023\/10\/1648449688-1643006566-emel-150x150.jpg 150w, https:\/\/t-gate.co\/en\/wp-content\/uploads\/2023\/10\/1648449688-1643006566-emel-768x768.jpg 768w, https:\/\/t-gate.co\/en\/wp-content\/uploads\/2023\/10\/1648449688-1643006566-emel-450x450.jpg 450w, https:\/\/t-gate.co\/en\/wp-content\/uploads\/2023\/10\/1648449688-1643006566-emel-106x106.jpg 106w, https:\/\/t-gate.co\/en\/wp-content\/uploads\/2023\/10\/1648449688-1643006566-emel-560x560.jpg 560w, https:\/\/t-gate.co\/en\/wp-content\/uploads\/2023\/10\/1648449688-1643006566-emel-70x70.jpg 70w\" sizes=\"(max-width: 800px) 100vw, 800px\" \/><\/figure>\t\t<\/div>\n\t\t<div class=\"jet-team-member__content\"><\/div>\n\t<\/div>\n<\/div>\n<\/div>\t\t\t\t<\/div>\n\t\t\t\t<\/div>\n\t\t\t\t\t<\/div>\n\t\t<\/div>\n\t\t\t\t<div class=\"elementor-column elementor-col-25 elementor-top-column elementor-element elementor-element-ed38844\" data-id=\"ed38844\" data-element_type=\"column\">\n\t\t\t<div class=\"elementor-widget-wrap elementor-element-populated\">\n\t\t\t\t\t\t<div class=\"elementor-element elementor-element-c6b9504 elementor-widget elementor-widget-jet-team-member\" data-id=\"c6b9504\" data-element_type=\"widget\" data-widget_type=\"jet-team-member.default\">\n\t\t\t\t<div class=\"elementor-widget-container\">\n\t\t\t\t\t<div class=\"elementor-jet-team-member jet-elements\"><div class=\"jet-team-member jet-team-member--cover-hover\">\n\t<div class=\"jet-team-member__inner\">\n\t\t<div class=\"jet-team-member__image\">\n\t\t\t<div class=\"jet-team-member__cover\"><h3 class=\"jet-team-member__name\"><span class=\"jet-team-member__name-first\">Kurt<\/span><span class=\"jet-team-member__name-last\"> B\u00f6rte\u00e7ene<\/span><\/h3><div class=\"jet-team-member__socials\"><div class=\"jet-team-member__socials-item\"><a href=\"https:\/\/www.linkedin.com\/in\/kurtbortecene\/\" aria-label=\"LinkedIn\"><div class=\"jet-team-member__socials-icon\"><div class=\"inner\"><span class=\"jet-elements-icon\"><i aria-hidden=\"true\" class=\"fab fa-linkedin\"><\/i><\/span><\/div><\/div><\/a><\/div><\/div><\/div>\n\t\t\t<figure class=\"jet-team-member__figure\"><img decoding=\"async\" width=\"800\" height=\"800\" src=\"https:\/\/t-gate.co\/en\/wp-content\/uploads\/2023\/10\/1648449775-1642084399-kurt_bortecene.jpg\" class=\"jet-team-member__img-tag\" alt=\"1648449775-1642084399-kurt_bortecene\" srcset=\"https:\/\/t-gate.co\/en\/wp-content\/uploads\/2023\/10\/1648449775-1642084399-kurt_bortecene.jpg 800w, https:\/\/t-gate.co\/en\/wp-content\/uploads\/2023\/10\/1648449775-1642084399-kurt_bortecene-300x300.jpg 300w, https:\/\/t-gate.co\/en\/wp-content\/uploads\/2023\/10\/1648449775-1642084399-kurt_bortecene-150x150.jpg 150w, https:\/\/t-gate.co\/en\/wp-content\/uploads\/2023\/10\/1648449775-1642084399-kurt_bortecene-768x768.jpg 768w, https:\/\/t-gate.co\/en\/wp-content\/uploads\/2023\/10\/1648449775-1642084399-kurt_bortecene-450x450.jpg 450w, https:\/\/t-gate.co\/en\/wp-content\/uploads\/2023\/10\/1648449775-1642084399-kurt_bortecene-106x106.jpg 106w, https:\/\/t-gate.co\/en\/wp-content\/uploads\/2023\/10\/1648449775-1642084399-kurt_bortecene-560x560.jpg 560w, https:\/\/t-gate.co\/en\/wp-content\/uploads\/2023\/10\/1648449775-1642084399-kurt_bortecene-70x70.jpg 70w\" sizes=\"(max-width: 800px) 100vw, 800px\" \/><\/figure>\t\t<\/div>\n\t\t<div class=\"jet-team-member__content\"><\/div>\n\t<\/div>\n<\/div>\n<\/div>\t\t\t\t<\/div>\n\t\t\t\t<\/div>\n\t\t\t\t\t<\/div>\n\t\t<\/div>\n\t\t\t\t<div class=\"elementor-column elementor-col-25 elementor-top-column elementor-element elementor-element-8042584\" data-id=\"8042584\" data-element_type=\"column\">\n\t\t\t<div class=\"elementor-widget-wrap elementor-element-populated\">\n\t\t\t\t\t\t<div class=\"elementor-element elementor-element-1482448 elementor-widget elementor-widget-jet-team-member\" data-id=\"1482448\" data-element_type=\"widget\" data-widget_type=\"jet-team-member.default\">\n\t\t\t\t<div class=\"elementor-widget-container\">\n\t\t\t\t\t<div class=\"elementor-jet-team-member jet-elements\"><div class=\"jet-team-member jet-team-member--cover-hover\">\n\t<div class=\"jet-team-member__inner\">\n\t\t<div class=\"jet-team-member__image\">\n\t\t\t<div class=\"jet-team-member__cover\"><h3 class=\"jet-team-member__name\"><span class=\"jet-team-member__name-first\">Bars<\/span><span class=\"jet-team-member__name-last\"> B\u00f6rte\u00e7ene<\/span><\/h3><div class=\"jet-team-member__socials\"><div class=\"jet-team-member__socials-item\"><a href=\"https:\/\/www.linkedin.com\/in\/bars-bortecene\/\" aria-label=\"LinkedIn\"><div class=\"jet-team-member__socials-icon\"><div class=\"inner\"><span class=\"jet-elements-icon\"><i aria-hidden=\"true\" class=\"fab fa-linkedin\"><\/i><\/span><\/div><\/div><\/a><\/div><\/div><\/div>\n\t\t\t<figure class=\"jet-team-member__figure\"><img loading=\"lazy\" decoding=\"async\" width=\"800\" height=\"800\" src=\"https:\/\/t-gate.co\/en\/wp-content\/uploads\/2023\/10\/1648449786-1640099864-bars.jpg\" class=\"jet-team-member__img-tag\" alt=\"1648449786-1640099864-bars\" srcset=\"https:\/\/t-gate.co\/en\/wp-content\/uploads\/2023\/10\/1648449786-1640099864-bars.jpg 800w, https:\/\/t-gate.co\/en\/wp-content\/uploads\/2023\/10\/1648449786-1640099864-bars-300x300.jpg 300w, https:\/\/t-gate.co\/en\/wp-content\/uploads\/2023\/10\/1648449786-1640099864-bars-150x150.jpg 150w, https:\/\/t-gate.co\/en\/wp-content\/uploads\/2023\/10\/1648449786-1640099864-bars-768x768.jpg 768w, https:\/\/t-gate.co\/en\/wp-content\/uploads\/2023\/10\/1648449786-1640099864-bars-450x450.jpg 450w, https:\/\/t-gate.co\/en\/wp-content\/uploads\/2023\/10\/1648449786-1640099864-bars-106x106.jpg 106w, https:\/\/t-gate.co\/en\/wp-content\/uploads\/2023\/10\/1648449786-1640099864-bars-560x560.jpg 560w, https:\/\/t-gate.co\/en\/wp-content\/uploads\/2023\/10\/1648449786-1640099864-bars-70x70.jpg 70w\" sizes=\"(max-width: 800px) 100vw, 800px\" \/><\/figure>\t\t<\/div>\n\t\t<div class=\"jet-team-member__content\"><\/div>\n\t<\/div>\n<\/div>\n<\/div>\t\t\t\t<\/div>\n\t\t\t\t<\/div>\n\t\t\t\t\t<\/div>\n\t\t<\/div>\n\t\t\t\t\t<\/div>\n\t\t<\/section>\n\t\t\t\t<section class=\"elementor-section elementor-top-section elementor-element elementor-element-8d3e52c elementor-section-boxed elementor-section-height-default elementor-section-height-default\" data-id=\"8d3e52c\" data-element_type=\"section\" data-settings=\"{&quot;jet_parallax_layout_list&quot;:[]}\">\n\t\t\t\t\t\t<div class=\"elementor-container elementor-column-gap-default\">\n\t\t\t\t\t<div class=\"elementor-column elementor-col-25 elementor-top-column elementor-element elementor-element-e576627\" data-id=\"e576627\" data-element_type=\"column\">\n\t\t\t<div class=\"elementor-widget-wrap elementor-element-populated\">\n\t\t\t\t\t\t<div class=\"elementor-element elementor-element-57aa79f elementor-widget elementor-widget-jet-team-member\" data-id=\"57aa79f\" data-element_type=\"widget\" data-widget_type=\"jet-team-member.default\">\n\t\t\t\t<div class=\"elementor-widget-container\">\n\t\t\t\t\t<div class=\"elementor-jet-team-member jet-elements\"><div class=\"jet-team-member jet-team-member--cover-hover\">\n\t<div class=\"jet-team-member__inner\">\n\t\t<div class=\"jet-team-member__image\">\n\t\t\t<div class=\"jet-team-member__cover\"><h3 class=\"jet-team-member__name\"><span class=\"jet-team-member__name-first\">Hakan<\/span><span class=\"jet-team-member__name-last\"> B\u00f6rte\u00e7ene<\/span><\/h3><div class=\"jet-team-member__socials\"><div class=\"jet-team-member__socials-item\"><a href=\"https:\/\/www.linkedin.com\/in\/hakan-bortecene\/\" aria-label=\"LinkedIn\"><div class=\"jet-team-member__socials-icon\"><div class=\"inner\"><span class=\"jet-elements-icon\"><i aria-hidden=\"true\" class=\"fab fa-linkedin\"><\/i><\/span><\/div><\/div><\/a><\/div><\/div><\/div>\n\t\t\t<figure class=\"jet-team-member__figure\"><img loading=\"lazy\" decoding=\"async\" width=\"800\" height=\"800\" src=\"https:\/\/t-gate.co\/en\/wp-content\/uploads\/2023\/10\/1648449739-1640099845-hakan.jpg\" class=\"jet-team-member__img-tag\" alt=\"1648449739-1640099845-hakan\" srcset=\"https:\/\/t-gate.co\/en\/wp-content\/uploads\/2023\/10\/1648449739-1640099845-hakan.jpg 800w, https:\/\/t-gate.co\/en\/wp-content\/uploads\/2023\/10\/1648449739-1640099845-hakan-300x300.jpg 300w, https:\/\/t-gate.co\/en\/wp-content\/uploads\/2023\/10\/1648449739-1640099845-hakan-150x150.jpg 150w, https:\/\/t-gate.co\/en\/wp-content\/uploads\/2023\/10\/1648449739-1640099845-hakan-768x768.jpg 768w, https:\/\/t-gate.co\/en\/wp-content\/uploads\/2023\/10\/1648449739-1640099845-hakan-450x450.jpg 450w, https:\/\/t-gate.co\/en\/wp-content\/uploads\/2023\/10\/1648449739-1640099845-hakan-106x106.jpg 106w, https:\/\/t-gate.co\/en\/wp-content\/uploads\/2023\/10\/1648449739-1640099845-hakan-560x560.jpg 560w, https:\/\/t-gate.co\/en\/wp-content\/uploads\/2023\/10\/1648449739-1640099845-hakan-70x70.jpg 70w\" sizes=\"(max-width: 800px) 100vw, 800px\" \/><\/figure>\t\t<\/div>\n\t\t<div class=\"jet-team-member__content\"><\/div>\n\t<\/div>\n<\/div>\n<\/div>\t\t\t\t<\/div>\n\t\t\t\t<\/div>\n\t\t\t\t\t<\/div>\n\t\t<\/div>\n\t\t\t\t<div class=\"elementor-column elementor-col-25 elementor-top-column elementor-element elementor-element-1d76a18\" data-id=\"1d76a18\" data-element_type=\"column\">\n\t\t\t<div class=\"elementor-widget-wrap elementor-element-populated\">\n\t\t\t\t\t\t<div class=\"elementor-element elementor-element-5a6c582 elementor-widget elementor-widget-jet-team-member\" data-id=\"5a6c582\" data-element_type=\"widget\" data-widget_type=\"jet-team-member.default\">\n\t\t\t\t<div class=\"elementor-widget-container\">\n\t\t\t\t\t<div class=\"elementor-jet-team-member jet-elements\"><div class=\"jet-team-member jet-team-member--cover-hover\">\n\t<div class=\"jet-team-member__inner\">\n\t\t<div class=\"jet-team-member__image\">\n\t\t\t<div class=\"jet-team-member__cover\"><h3 class=\"jet-team-member__name\"><span class=\"jet-team-member__name-first\">Attila <\/span><span class=\"jet-team-member__name-last\"> K\u00f6ksal<\/span><\/h3><div class=\"jet-team-member__socials\"><div class=\"jet-team-member__socials-item\"><a href=\"https:\/\/www.linkedin.com\/in\/attilakoksal\/\" aria-label=\"LinkedIn\"><div class=\"jet-team-member__socials-icon\"><div class=\"inner\"><span class=\"jet-elements-icon\"><i aria-hidden=\"true\" class=\"fab fa-linkedin\"><\/i><\/span><\/div><\/div><\/a><\/div><\/div><\/div>\n\t\t\t<figure class=\"jet-team-member__figure\"><img loading=\"lazy\" decoding=\"async\" width=\"1080\" height=\"1080\" src=\"https:\/\/t-gate.co\/en\/wp-content\/uploads\/2024\/05\/attila-koksal.jpg\" class=\"jet-team-member__img-tag\" alt=\"attila-koksal\" srcset=\"https:\/\/t-gate.co\/en\/wp-content\/uploads\/2024\/05\/attila-koksal.jpg 1080w, https:\/\/t-gate.co\/en\/wp-content\/uploads\/2024\/05\/attila-koksal-300x300.jpg 300w, https:\/\/t-gate.co\/en\/wp-content\/uploads\/2024\/05\/attila-koksal-1024x1024.jpg 1024w, https:\/\/t-gate.co\/en\/wp-content\/uploads\/2024\/05\/attila-koksal-150x150.jpg 150w, https:\/\/t-gate.co\/en\/wp-content\/uploads\/2024\/05\/attila-koksal-768x768.jpg 768w, https:\/\/t-gate.co\/en\/wp-content\/uploads\/2024\/05\/attila-koksal-450x450.jpg 450w, https:\/\/t-gate.co\/en\/wp-content\/uploads\/2024\/05\/attila-koksal-106x106.jpg 106w, https:\/\/t-gate.co\/en\/wp-content\/uploads\/2024\/05\/attila-koksal-560x560.jpg 560w, https:\/\/t-gate.co\/en\/wp-content\/uploads\/2024\/05\/attila-koksal-70x70.jpg 70w\" sizes=\"(max-width: 1080px) 100vw, 1080px\" \/><\/figure>\t\t<\/div>\n\t\t<div class=\"jet-team-member__content\"><\/div>\n\t<\/div>\n<\/div>\n<\/div>\t\t\t\t<\/div>\n\t\t\t\t<\/div>\n\t\t\t\t\t<\/div>\n\t\t<\/div>\n\t\t\t\t<div class=\"elementor-column elementor-col-25 elementor-top-column elementor-element elementor-element-138d543\" data-id=\"138d543\" data-element_type=\"column\">\n\t\t\t<div class=\"elementor-widget-wrap elementor-element-populated\">\n\t\t\t\t\t\t<div class=\"elementor-element elementor-element-20e70fa elementor-widget elementor-widget-jet-team-member\" data-id=\"20e70fa\" data-element_type=\"widget\" data-widget_type=\"jet-team-member.default\">\n\t\t\t\t<div class=\"elementor-widget-container\">\n\t\t\t\t\t<div class=\"elementor-jet-team-member jet-elements\"><div class=\"jet-team-member jet-team-member--cover-hover\">\n\t<div class=\"jet-team-member__inner\">\n\t\t<div class=\"jet-team-member__image\">\n\t\t\t<div class=\"jet-team-member__cover\"><h3 class=\"jet-team-member__name\"><span class=\"jet-team-member__name-first\">Murat<\/span><span class=\"jet-team-member__name-last\"> Ar\u0131\u011f<\/span><\/h3><div class=\"jet-team-member__socials\"><div class=\"jet-team-member__socials-item\"><a href=\"https:\/\/www.linkedin.com\/in\/murat-arig-36118a2a\/\" aria-label=\"LinkedIn\"><div class=\"jet-team-member__socials-icon\"><div class=\"inner\"><span class=\"jet-elements-icon\"><i aria-hidden=\"true\" class=\"fab fa-linkedin\"><\/i><\/span><\/div><\/div><\/a><\/div><\/div><\/div>\n\t\t\t<figure class=\"jet-team-member__figure\"><img loading=\"lazy\" decoding=\"async\" width=\"1080\" height=\"1080\" src=\"https:\/\/t-gate.co\/en\/wp-content\/uploads\/2024\/05\/murat-arig.jpg\" class=\"jet-team-member__img-tag\" alt=\"murat-arig\" srcset=\"https:\/\/t-gate.co\/en\/wp-content\/uploads\/2024\/05\/murat-arig.jpg 1080w, https:\/\/t-gate.co\/en\/wp-content\/uploads\/2024\/05\/murat-arig-300x300.jpg 300w, https:\/\/t-gate.co\/en\/wp-content\/uploads\/2024\/05\/murat-arig-1024x1024.jpg 1024w, https:\/\/t-gate.co\/en\/wp-content\/uploads\/2024\/05\/murat-arig-150x150.jpg 150w, https:\/\/t-gate.co\/en\/wp-content\/uploads\/2024\/05\/murat-arig-768x768.jpg 768w, https:\/\/t-gate.co\/en\/wp-content\/uploads\/2024\/05\/murat-arig-450x450.jpg 450w, https:\/\/t-gate.co\/en\/wp-content\/uploads\/2024\/05\/murat-arig-106x106.jpg 106w, https:\/\/t-gate.co\/en\/wp-content\/uploads\/2024\/05\/murat-arig-560x560.jpg 560w, https:\/\/t-gate.co\/en\/wp-content\/uploads\/2024\/05\/murat-arig-70x70.jpg 70w\" sizes=\"(max-width: 1080px) 100vw, 1080px\" \/><\/figure>\t\t<\/div>\n\t\t<div class=\"jet-team-member__content\"><\/div>\n\t<\/div>\n<\/div>\n<\/div>\t\t\t\t<\/div>\n\t\t\t\t<\/div>\n\t\t\t\t\t<\/div>\n\t\t<\/div>\n\t\t\t\t<div class=\"elementor-column elementor-col-25 elementor-top-column elementor-element elementor-element-4bd8d46\" data-id=\"4bd8d46\" data-element_type=\"column\">\n\t\t\t<div class=\"elementor-widget-wrap\">\n\t\t\t\t\t\t\t<\/div>\n\t\t<\/div>\n\t\t\t\t\t<\/div>\n\t\t<\/section>\n\t\t\t\t<\/div>\n\t\t","protected":false},"excerpt":{"rendered":"<p>Gamze Bayraktar Emel \u00c7etin Kurt B\u00f6rte\u00e7ene Bars B\u00f6rte\u00e7ene Hakan B\u00f6rte\u00e7ene Attila K\u00f6ksal Murat Ar\u0131\u011f<\/p>\n","protected":false},"author":1,"featured_media":0,"parent":0,"menu_order":0,"comment_status":"closed","ping_status":"closed","template":"template-home.php","meta":{"footnotes":""},"class_list":["post-2808","page","type-page","status-publish","hentry"],"_links":{"self":[{"href":"https:\/\/t-gate.co\/en\/wp-json\/wp\/v2\/pages\/2808","targetHints":{"allow":["GET"]}}],"collection":[{"href":"https:\/\/t-gate.co\/en\/wp-json\/wp\/v2\/pages"}],"about":[{"href":"https:\/\/t-gate.co\/en\/wp-json\/wp\/v2\/types\/page"}],"author":[{"embeddable":true,"href":"https:\/\/t-gate.co\/en\/wp-json\/wp\/v2\/users\/1"}],"replies":[{"embeddable":true,"href":"https:\/\/t-gate.co\/en\/wp-json\/wp\/v2\/comments?post=2808"}],"version-history":[{"count":27,"href":"https:\/\/t-gate.co\/en\/wp-json\/wp\/v2\/pages\/2808\/revisions"}],"predecessor-version":[{"id":8409,"href":"https:\/\/t-gate.co\/en\/wp-json\/wp\/v2\/pages\/2808\/revisions\/8409"}],"wp:attachment":[{"href":"https:\/\/t-gate.co\/en\/wp-json\/wp\/v2\/media?parent=2808"}],"curies":[{"name":"wp","href":"https:\/\/api.w.org\/{rel}","templated":true}]}}