{"id":7161,"date":"2023-07-12T23:13:25","date_gmt":"2023-07-12T20:13:25","guid":{"rendered":"https:\/\/t-gate.co\/en\/?page_id=7161"},"modified":"2024-10-29T15:42:05","modified_gmt":"2024-10-29T12:42:05","slug":"for-investors","status":"publish","type":"page","link":"https:\/\/t-gate.co\/en\/for-investors\/","title":{"rendered":"For Investors"},"content":{"rendered":"\t\t<div data-elementor-type=\"wp-page\" data-elementor-id=\"7161\" class=\"elementor elementor-7161\" data-elementor-post-type=\"page\">\n\t\t\t\t\t\t<section class=\"elementor-section elementor-top-section elementor-element elementor-element-e0efeb9 elementor-section-boxed elementor-section-height-default elementor-section-height-default\" data-id=\"e0efeb9\" data-element_type=\"section\" data-settings=\"{&quot;jet_parallax_layout_list&quot;:[]}\">\n\t\t\t\t\t\t<div class=\"elementor-container elementor-column-gap-default\">\n\t\t\t\t\t<div class=\"elementor-column elementor-col-50 elementor-top-column elementor-element elementor-element-cdfbf93\" data-id=\"cdfbf93\" data-element_type=\"column\">\n\t\t\t<div class=\"elementor-widget-wrap elementor-element-populated\">\n\t\t\t\t\t\t<div class=\"elementor-element elementor-element-462fd3d elementor-widget elementor-widget-video\" data-id=\"462fd3d\" data-element_type=\"widget\" data-settings=\"{&quot;youtube_url&quot;:&quot;https:\\\/\\\/www.youtube.com\\\/watch?v=gxFGj8v0AOU&quot;,&quot;video_type&quot;:&quot;youtube&quot;,&quot;controls&quot;:&quot;yes&quot;}\" data-widget_type=\"video.default\">\n\t\t\t\t<div class=\"elementor-widget-container\">\n\t\t\t\t\t\t\t<div class=\"elementor-wrapper elementor-open-inline\">\n\t\t\t<div class=\"elementor-video\"><\/div>\t\t<\/div>\n\t\t\t\t\t\t<\/div>\n\t\t\t\t<\/div>\n\t\t\t\t\t<\/div>\n\t\t<\/div>\n\t\t\t\t<div class=\"elementor-column elementor-col-50 elementor-top-column elementor-element elementor-element-0ae047a\" data-id=\"0ae047a\" data-element_type=\"column\">\n\t\t\t<div class=\"elementor-widget-wrap elementor-element-populated\">\n\t\t\t\t\t\t<section class=\"elementor-section elementor-inner-section elementor-element elementor-element-6fe8eae elementor-section-boxed elementor-section-height-default elementor-section-height-default\" data-id=\"6fe8eae\" data-element_type=\"section\" data-settings=\"{&quot;jet_parallax_layout_list&quot;:[]}\">\n\t\t\t\t\t\t<div class=\"elementor-container elementor-column-gap-default\">\n\t\t\t\t\t<div class=\"elementor-column elementor-col-100 elementor-inner-column elementor-element elementor-element-7d7d043\" data-id=\"7d7d043\" data-element_type=\"column\">\n\t\t\t<div class=\"elementor-widget-wrap elementor-element-populated\">\n\t\t\t\t\t\t<div class=\"elementor-element elementor-element-29d84a2 poket-star-rating--align-center elementor-widget elementor-widget-witr_section_list\" data-id=\"29d84a2\" data-element_type=\"widget\" data-widget_type=\"witr_section_list.default\">\n\t\t\t\t<div class=\"elementor-widget-container\">\n\t\t\t\t\t\t\t\n\t\t\t<div class=\"departmentList all_list_color\">\n\t\t\t\t<!-- title -->\n\t\t\t\t\t\t\t\t<h3>T-Gate for Investors <\/h3>\n\t\t\t\t\n\t\t\t\t\t<ul>\n\t\t\t\t\t\t\t\t\t\t\t\t\t\t\t\t\t\t<li>\n\t\t\t\t\t\t\t\t\t\t\t\t\t\t\t\t<span>\n\t\t\t\t\t\t\t\t\t\t\t\t\t\t\t\t\t\t\t<i class=\"far fa-check-circle\"><\/i>\n\t\t\t\t\t\t\t\t\tOpen Investment\t\t\t\t\t\t\t\t<\/span>\n\t\t\t\t\t\t\t<\/li>\n\t\t\t\t\t\t\t\t\t\t\t\t\t<li>\n\t\t\t\t\t\t\t\t\t\t\t\t\t\t\t\t<span>\n\t\t\t\t\t\t\t\t\t\t\t\t\t\t\t\t\t\t\t<i class=\"far fa-check-circle\"><\/i>\n\t\t\t\t\t\t\t\t\tTechnology Investments\t\t\t\t\t\t\t\t<\/span>\n\t\t\t\t\t\t\t<\/li>\n\t\t\t\t\t\t\t\t\t\t\t\t\t<li>\n\t\t\t\t\t\t\t\t\t\t\t\t\t\t\t\t<span>\n\t\t\t\t\t\t\t\t\t\t\t\t\t\t\t\t\t\t\t<i class=\"far fa-check-circle\"><\/i>\n\t\t\t\t\t\t\t\t\tInvestor Club\t\t\t\t\t\t\t\t<\/span>\n\t\t\t\t\t\t\t<\/li>\n\t\t\t\t\t\t\t\t\t\t\t\t\t<li>\n\t\t\t\t\t\t\t\t\t\t\t\t\t\t\t\t<span>\n\t\t\t\t\t\t\t\t\t\t\t\t\t\t\t\t\t\t\t<i class=\"far fa-check-circle\"><\/i>\n\t\t\t\t\t\t\t\t\tLifelong Learning\t\t\t\t\t\t\t\t<\/span>\n\t\t\t\t\t\t\t<\/li>\n\t\t\t\t\t\t\t\t\t\t\t\t\t<li>\n\t\t\t\t\t\t\t\t\t\t\t\t\t\t\t\t<span>\n\t\t\t\t\t\t\t\t\t\t\t\t\t\t\t\t\t\t\t<i class=\"far fa-check-circle\"><\/i>\n\t\t\t\t\t\t\t\t\tFuture Generations of Family Businesses\t\t\t\t\t\t\t\t<\/span>\n\t\t\t\t\t\t\t<\/li>\n\t\t\t\t\t\t\t\t\t\t\t\t\t<li>\n\t\t\t\t\t\t\t\t\t\t\t\t\t\t\t\t<span>\n\t\t\t\t\t\t\t\t\t\t\t\t\t\t\t\t\t\t\t<i class=\"far fa-check-circle\"><\/i>\n\t\t\t\t\t\t\t\t\tThe 'gate' to the future of the investment world\t\t\t\t\t\t\t\t<\/span>\n\t\t\t\t\t\t\t<\/li>\n\t\t\t\t\t\t\t\t\t\t\t\n\t\t\t\t\t<\/ul>\t\t\t\t\t\n\t\t\t\t<!-- button -->\n\t\t\t\t\t\t\t\t\n\t\t\t<\/div>\t\t\n\n\t\t\t\t\t\t<\/div>\n\t\t\t\t<\/div>\n\t\t\t\t\t<\/div>\n\t\t<\/div>\n\t\t\t\t\t<\/div>\n\t\t<\/section>\n\t\t\t\t\t<\/div>\n\t\t<\/div>\n\t\t\t\t\t<\/div>\n\t\t<\/section>\n\t\t\t\t<section class=\"elementor-section elementor-top-section elementor-element elementor-element-a64030e elementor-hidden-desktop elementor-hidden-tablet elementor-hidden-mobile elementor-section-boxed elementor-section-height-default elementor-section-height-default\" data-id=\"a64030e\" data-element_type=\"section\" data-settings=\"{&quot;jet_parallax_layout_list&quot;:[]}\">\n\t\t\t\t\t\t<div class=\"elementor-container elementor-column-gap-default\">\n\t\t\t\t\t<div class=\"elementor-column elementor-col-100 elementor-top-column elementor-element elementor-element-ea2e584\" data-id=\"ea2e584\" data-element_type=\"column\" data-settings=\"{&quot;background_background&quot;:&quot;classic&quot;}\">\n\t\t\t<div class=\"elementor-widget-wrap elementor-element-populated\">\n\t\t\t\t\t\t<section class=\"elementor-section elementor-inner-section elementor-element elementor-element-7382b67 elementor-section-boxed elementor-section-height-default elementor-section-height-default\" data-id=\"7382b67\" data-element_type=\"section\" data-settings=\"{&quot;jet_parallax_layout_list&quot;:[]}\">\n\t\t\t\t\t\t<div class=\"elementor-container elementor-column-gap-default\">\n\t\t\t\t\t<div class=\"elementor-column elementor-col-33 elementor-inner-column elementor-element elementor-element-d0644e9\" data-id=\"d0644e9\" data-element_type=\"column\">\n\t\t\t<div class=\"elementor-widget-wrap elementor-element-populated\">\n\t\t\t\t\t\t<div class=\"elementor-element elementor-element-e4e3fe8 poket-star-rating--align-left poket-star-rating-tablet--align-center elementor-widget elementor-widget-witr_section_counter\" data-id=\"e4e3fe8\" data-element_type=\"widget\" data-widget_type=\"witr_section_counter.default\">\n\t\t\t\t<div class=\"elementor-widget-container\">\n\t\t\t\t\t\t\t\t<div class=\"witr_counter_single all_counter_color\">\n\t\t\t\t\t\t\t\t<!-- custom icon -->\n\t\t\t\t\t\t\t\n\t\t\t\t<!-- custom img -->\n\t\t\t\t\t\t\t\t\t<div class=\"witr_counter_img\">\n\t\t\t\t\t\t\t\t\t\t\t\t\t<img decoding=\"async\" src=\"https:\/\/themexbd.com\/poket\/creative\/wp-content\/uploads\/2021\/11\/icon1.png\" alt=\"\" \/>\n\t\t\t\t\t\t\t\t\t\t\t<\/div>\t\n\t\t\t\t\t\t\t\n\t\t\t\n\t\t\t\t<div class=\"witr_counter_number_inn\">\n\t\t\t\t\t<!-- number -->\n\t\t\t\t\t\t\t\t\t\t\t<h3 class=\"counter\">963 <\/h3>\t\t\t\t\n\t\t\t\t\t\t\t\t\t\t<!-- symbol -->\n\t\t\t\t\t\t\t\t\t\t<!-- content -->\n\t\t\t\t\t\t\t\t\t\t\t<h4>Wining Case <\/h4>\t\t\n\t\t\t\t\t\t\t\t\t\t\n\t\t\t\t<\/div> <!-- counter part -->\t\t\n\t\t\t<\/div>\t\t\n\t\t\n\t\t\t\t\t\t<\/div>\n\t\t\t\t<\/div>\n\t\t\t\t\t<\/div>\n\t\t<\/div>\n\t\t\t\t<div class=\"elementor-column elementor-col-33 elementor-inner-column elementor-element elementor-element-e4eef7a\" data-id=\"e4eef7a\" data-element_type=\"column\">\n\t\t\t<div class=\"elementor-widget-wrap elementor-element-populated\">\n\t\t\t\t\t\t<div class=\"elementor-element elementor-element-ef0219d poket-star-rating--align-left poket-star-rating-tablet--align-center elementor-widget elementor-widget-witr_section_counter\" data-id=\"ef0219d\" data-element_type=\"widget\" data-widget_type=\"witr_section_counter.default\">\n\t\t\t\t<div class=\"elementor-widget-container\">\n\t\t\t\t\t\t\t\t<div class=\"witr_counter_single all_counter_color\">\n\t\t\t\t\t\t\t\t<!-- custom icon -->\n\t\t\t\t\t\t\t\n\t\t\t\t<!-- custom img -->\n\t\t\t\t\t\t\t\t\t<div class=\"witr_counter_img\">\n\t\t\t\t\t\t\t\t\t\t\t\t\t<img decoding=\"async\" src=\"https:\/\/themexbd.com\/poket\/creative\/wp-content\/uploads\/2021\/11\/icon2.png\" alt=\"\" \/>\n\t\t\t\t\t\t\t\t\t\t\t<\/div>\t\n\t\t\t\t\t\t\t\n\t\t\t\n\t\t\t\t<div class=\"witr_counter_number_inn\">\n\t\t\t\t\t<!-- number -->\n\t\t\t\t\t\t\t\t\t\t\t<h3 class=\"counter\">50 <\/h3>\t\t\t\t\n\t\t\t\t\t\t\t\t\t\t<!-- symbol -->\n\t\t\t\t\t\t\t\t\t\t<!-- content -->\n\t\t\t\t\t\t\t\t\t\t\t<h4>\u00dcye <\/h4>\t\t\n\t\t\t\t\t\t\t\t\t\t\n\t\t\t\t<\/div> <!-- counter part -->\t\t\n\t\t\t<\/div>\t\t\n\t\t\n\t\t\t\t\t\t<\/div>\n\t\t\t\t<\/div>\n\t\t\t\t\t<\/div>\n\t\t<\/div>\n\t\t\t\t<div class=\"elementor-column elementor-col-33 elementor-inner-column elementor-element elementor-element-a4e7c95\" data-id=\"a4e7c95\" data-element_type=\"column\">\n\t\t\t<div class=\"elementor-widget-wrap elementor-element-populated\">\n\t\t\t\t\t\t<div class=\"elementor-element elementor-element-1b8d28a poket-star-rating--align-left poket-star-rating-tablet--align-center elementor-widget elementor-widget-witr_section_counter\" data-id=\"1b8d28a\" data-element_type=\"widget\" data-widget_type=\"witr_section_counter.default\">\n\t\t\t\t<div class=\"elementor-widget-container\">\n\t\t\t\t\t\t\t\t<div class=\"witr_counter_single all_counter_color\">\n\t\t\t\t\t\t\t\t<!-- custom icon -->\n\t\t\t\t\t\t\t\n\t\t\t\t<!-- custom img -->\n\t\t\t\t\t\t\t\t\t<div class=\"witr_counter_img\">\n\t\t\t\t\t\t\t\t\t\t\t\t\t<img decoding=\"async\" src=\"https:\/\/themexbd.com\/poket\/creative\/wp-content\/uploads\/2021\/11\/icon3.png\" alt=\"\" \/>\n\t\t\t\t\t\t\t\t\t\t\t<\/div>\t\n\t\t\t\t\t\t\t\n\t\t\t\n\t\t\t\t<div class=\"witr_counter_number_inn\">\n\t\t\t\t\t<!-- number -->\n\t\t\t\t\t\t\t\t\t\t\t<h3 class=\"counter\">15 <\/h3>\t\t\t\t\n\t\t\t\t\t\t\t\t\t\t<!-- symbol -->\n\t\t\t\t\t\t\t\t\t\t<!-- content -->\n\t\t\t\t\t\t\t\t\t\t\t<h4>\u00d6d\u00fcl <\/h4>\t\t\n\t\t\t\t\t\t\t\t\t\t\n\t\t\t\t<\/div> <!-- counter part -->\t\t\n\t\t\t<\/div>\t\t\n\t\t\n\t\t\t\t\t\t<\/div>\n\t\t\t\t<\/div>\n\t\t\t\t\t<\/div>\n\t\t<\/div>\n\t\t\t\t\t<\/div>\n\t\t<\/section>\n\t\t\t\t\t<\/div>\n\t\t<\/div>\n\t\t\t\t\t<\/div>\n\t\t<\/section>\n\t\t\t\t<section class=\"elementor-section elementor-top-section elementor-element elementor-element-a5ba54e elementor-hidden-desktop elementor-hidden-tablet elementor-hidden-mobile elementor-section-boxed elementor-section-height-default elementor-section-height-default\" data-id=\"a5ba54e\" data-element_type=\"section\" data-settings=\"{&quot;jet_parallax_layout_list&quot;:[]}\">\n\t\t\t\t\t\t<div class=\"elementor-container elementor-column-gap-default\">\n\t\t\t\t\t<div class=\"elementor-column elementor-col-50 elementor-top-column elementor-element elementor-element-8378f68\" data-id=\"8378f68\" data-element_type=\"column\">\n\t\t\t<div class=\"elementor-widget-wrap elementor-element-populated\">\n\t\t\t\t\t\t<div class=\"elementor-element elementor-element-9a28fd7 poket-star-rating--align-center elementor-widget elementor-widget-witr_section_title\" data-id=\"9a28fd7\" data-element_type=\"widget\" data-widget_type=\"witr_section_title.default\">\n\t\t\t\t<div class=\"elementor-widget-container\">\n\t\t\t\t\t\t\t\t\t\t<!-- title left -->\n\t\t\t\t\t<div class=\"witr_section_title\">\n\t\t\t\t\t\t<div class=\"witr_section_title_inner text-left\">\n\t\t\t\t\t\t\n\t\t\t\t\t\t\t<!-- icon position -->\n\t\t\t\t\t\t\t\t\n\t\t\t\t\t\t\t<!-- end icon position -->\n\t\t\t\t\t\t\n\t\t\t\t\t\t\n\t\t\t\t\t\t\t<!-- title top -->\n\t\t\t\t\t\t\t\t\t\t\t\t\t\t\t<h2>Our Faq<\/h2>\t\t\n\t\t\t\t\t\t\t\n\t\t\t\t\t\t\t<!-- icon position -->\n\t\t\t\t\t\t\t\t\n\t\t\t\t\t\t\t<!-- end icon position -->\n\n\t\t\t\t\t\t\t\n\t\t\t\t\t\t\t<!-- title middle -->\n\t\t\t\t\t\t\t\t\t\t\t\t\t\t\t<h3>Frequently Asked Questions?<\/h3>\t\t\n\t\t\t\t\t\t\t\t\t\t\t\t\t\t<!-- title bottom -->\n\t\t\t\t\t\t\t\t\t\t\t\t\t\t\n\t\t\t\t\t\t\t<!-- icon position -->\n\t\t\t\t\t\t\t\t\t\t\t\t\t\t\n\t\t\t\t\t\t\t<!-- image -->\n\t\t\t\t\t\t\t\t\t\t\t\t\t\t<!-- icon -->\n\t\t\t\t\t\t\t\t\t\t\t\t\t\t\n\t\t\t\t\t\t\t<!-- bar -->\n\t\t\t\t\t\t\t\t\t\t\t\t\t\t<!-- circle bar -->\n\t\t\t\t\t\t\t\t\t\t\t\t\t\t\n\t\t\t\t\t\t\t\t\n\t\t\t\t\t\t\t<!-- end icon position -->\n\n\t\t\t\t\t\t\t<!-- content -->\n\t\t\t\t\t\t\t\t\t\t\t\t\t\t\t<p>I'm a Freelancer Front-end Developer with 3 years of perience. code and create web elements for amazing. <\/p>\t\t\n\t\t\t\t\t\t\t\t\t\t\t\t\t<\/div>\n\t\t\t\t\t\t\t<!-- inner title -->\n\t\t\t\t\t\t\t\t\t\t\t\t\t\n\t\t\t\t\t<\/div>\t\t\t\t\n\t\t\t\t\t\t\t\t<\/div>\n\t\t\t\t<\/div>\n\t\t\t\t<div class=\"elementor-element elementor-element-ae408f6 elementor-widget elementor-widget-witr_ac_cl\" data-id=\"ae408f6\" data-element_type=\"widget\" data-widget_type=\"witr_ac_cl.default\">\n\t\t\t\t<div class=\"elementor-widget-container\">\n\t\t\t\t\t\t\t\n\t\t\n\t\t\n\n                <div class=\"accordion_area\">\n                    <div class=\"faq-part\">\n                        <div id=\"accordion\">\n\t\t\t\t\t\t\t\t\t\t\t\t\t\t\t<div class=\"card card-2  active show\">\n\t\t\t\t\t\t\t\t\t<div class=\"card-header witr_ac_card\">\n\t\t\t\t\t\t\t\t\t\t<a href=\"#\" class=\"card-link witr_ac_style\" data-toggle=\"collapse\" data-target=\"#collapse_0f9c115\" aria-expanded=\"true\">\n\t\t\t\t\t\t\t\t\t\t\t<!-- icon -->\n\t\t\t\t\t\t\t\t\t\t\t\t\t\t\t\t\t\t\t\t\t\t\t<i class=\"\"><\/i>\n\t\t\t\t\t\t\t\t\t\t\t\t\t\t\t\t\t\t\t\t\t\n\t\t\t\t\t\t\t\t\t\t   High Quality Data Security\t\t\t\t\t\t\t\t\t\t<\/a>\n\t\t\t\t\t\t\t\t\t<\/div>\n\t\t\t\t\t\t\t\t\t<div id=\"collapse_0f9c115\" class=\"collapse ac_s_padding  active show\" data-parent=\"#accordion\">\n                                        <p>Anyone who loves or pursues or desires to obtain pain of itself, because it is pain timelines for the digital consulting.<\/p>\t\t\t\t\t\t\t\t\t\t\n\t\t\t\t\t\t\t\t\t<\/div>\n\t\t\t\t\t\t\t\t<\/div> <!-- card -->\t\n\t\t\t\t\t\t\t\t\t\t\t\t\t\t\t<div class=\"card card-2  \">\n\t\t\t\t\t\t\t\t\t<div class=\"card-header witr_ac_card\">\n\t\t\t\t\t\t\t\t\t\t<a href=\"#\" class=\"card-link witr_ac_style\" data-toggle=\"collapse\" data-target=\"#collapse_57cb98a\" aria-expanded=\"true\">\n\t\t\t\t\t\t\t\t\t\t\t<!-- icon -->\n\t\t\t\t\t\t\t\t\t\t\t\t\t\t\t\t\t\t\t\t\t\t\t<i class=\"\"><\/i>\n\t\t\t\t\t\t\t\t\t\t\t\t\t\t\t\t\t\t\t\t\t\n\t\t\t\t\t\t\t\t\t\t   How investing in dependend incer\t\t\t\t\t\t\t\t\t\t<\/a>\n\t\t\t\t\t\t\t\t\t<\/div>\n\t\t\t\t\t\t\t\t\t<div id=\"collapse_57cb98a\" class=\"collapse ac_s_padding  \" data-parent=\"#accordion\">\n                                        <p>Anyone who loves or pursues or desires to obtain pain of itself, because it is pain timelines for the digital consulting.<\/p>\t\t\t\t\t\t\t\t\t\t\n\t\t\t\t\t\t\t\t\t<\/div>\n\t\t\t\t\t\t\t\t<\/div> <!-- card -->\t\n\t\t\t\t\t\t\t\t\t\t\t\t\t\t\t<div class=\"card card-2  \">\n\t\t\t\t\t\t\t\t\t<div class=\"card-header witr_ac_card\">\n\t\t\t\t\t\t\t\t\t\t<a href=\"#\" class=\"card-link witr_ac_style\" data-toggle=\"collapse\" data-target=\"#collapse_a90f311\" aria-expanded=\"true\">\n\t\t\t\t\t\t\t\t\t\t\t<!-- icon -->\n\t\t\t\t\t\t\t\t\t\t\t\t\t\t\t\t\t\t\t\t\t\t\t<i class=\"\"><\/i>\n\t\t\t\t\t\t\t\t\t\t\t\t\t\t\t\t\t\t\t\t\t\n\t\t\t\t\t\t\t\t\t\t   Asing to Business Security\t\t\t\t\t\t\t\t\t\t<\/a>\n\t\t\t\t\t\t\t\t\t<\/div>\n\t\t\t\t\t\t\t\t\t<div id=\"collapse_a90f311\" class=\"collapse ac_s_padding  \" data-parent=\"#accordion\">\n                                        <p>Anyone who loves or pursues or desires to obtain pain of itself, because it is pain timelines for the digital consulting.<\/p>\t\t\t\t\t\t\t\t\t\t\n\t\t\t\t\t\t\t\t\t<\/div>\n\t\t\t\t\t\t\t\t<\/div> <!-- card -->\t\n\t\t\t\t\t\t\t\t\t\t\t\t\t\t\t<div class=\"card card-2  \">\n\t\t\t\t\t\t\t\t\t<div class=\"card-header witr_ac_card\">\n\t\t\t\t\t\t\t\t\t\t<a href=\"#\" class=\"card-link witr_ac_style\" data-toggle=\"collapse\" data-target=\"#collapse_f98c440\" aria-expanded=\"true\">\n\t\t\t\t\t\t\t\t\t\t\t<!-- icon -->\n\t\t\t\t\t\t\t\t\t\t\t\t\t\t\t\t\t\t\t\t\t\t\t<i class=\"\"><\/i>\n\t\t\t\t\t\t\t\t\t\t\t\t\t\t\t\t\t\t\t\t\t\n\t\t\t\t\t\t\t\t\t\t   Element or Page Builder Used\t\t\t\t\t\t\t\t\t\t<\/a>\n\t\t\t\t\t\t\t\t\t<\/div>\n\t\t\t\t\t\t\t\t\t<div id=\"collapse_f98c440\" class=\"collapse ac_s_padding  \" data-parent=\"#accordion\">\n                                        <p>Anyone who loves or pursues or desires to obtain pain of itself, because it is pain timelines for the digital consulting.<\/p>\t\t\t\t\t\t\t\t\t\t\n\t\t\t\t\t\t\t\t\t<\/div>\n\t\t\t\t\t\t\t\t<\/div> <!-- card -->\t\n\t\t\t\t\t\t\t                        <\/div>\n                    <\/div> <!-- faq part -->\t\t\n                <\/div> \n\n\t\t<script type='text\/javascript'>\n\t\t\tjQuery(function($){\t\t\t\t\n\t\t\t\t$('.faq-part .card').each(function () {\n\t\t\t\t\tvar $this = $(this);\n\t\t\t\t\t$this.on('click', function (e) {\n\t\t\t\t\t\tvar has = $this.hasClass('active');\n\t\t\t\t\t\t$('.faq-part .card').removeClass('active show');\n\t\t\t\t\t\tif (has) {\n\t\t\t\t\t\t\t$this.removeClass('active show');\n\t\t\t\t\t\t} else {\n\t\t\t\t\t\t\t$this.addClass('active show');\n\t\t\t\t\t\t}\n\t\t\t\t\t});\n\t\t\t\t});\n\t\t\t});\n\t\t<\/script>\t\t\t\t\t\n\t\t\t\t\t\t<\/div>\n\t\t\t\t<\/div>\n\t\t\t\t\t<\/div>\n\t\t<\/div>\n\t\t\t\t<div class=\"elementor-column elementor-col-50 elementor-top-column elementor-element elementor-element-eb573fb\" data-id=\"eb573fb\" data-element_type=\"column\">\n\t\t\t<div class=\"elementor-widget-wrap elementor-element-populated\">\n\t\t\t\t\t\t<div class=\"elementor-element elementor-element-72ccb26 elementor-widget elementor-widget-witr_section_s_image\" data-id=\"72ccb26\" data-element_type=\"widget\" data-widget_type=\"witr_section_s_image.default\">\n\t\t\t\t<div class=\"elementor-widget-container\">\n\t\t\t\t\t\t\n\t\t<div class=\"single_image_area\">\n\t\t\t<div class=\"single_image single_line_option  \">\n\t\t\t\t<!-- image -->\n\t\t\t\t\t\t\t\t\t<img decoding=\"async\" src=\"https:\/\/themexbd.com\/poket\/creative\/wp-content\/uploads\/2021\/11\/skill-img.png\" alt=\"\" \/>\n\t\t\t\t\t\t\n\t\t\t\t\t\t\t\t\t\t\t<\/div>\n\t\t<\/div>\n\t\t\t\n\t\t\t\n\t\t\n\t\t\t\n\t\t\t\t\t\t<\/div>\n\t\t\t\t<\/div>\n\t\t\t\t\t<\/div>\n\t\t<\/div>\n\t\t\t\t\t<\/div>\n\t\t<\/section>\n\t\t\t\t<\/div>\n\t\t","protected":false},"excerpt":{"rendered":"<p>T-Gate for Investors Open Investment Technology Investments Investor Club Lifelong Learning Future Generations of Family Businesses The &#8216;gate&#8217; to the future of the investment world 963 Wining Case 50 \u00dcye 15 \u00d6d\u00fcl Our Faq Frequently Asked Questions? I&#8217;m a Freelancer Front-end Developer with 3 years of perience. code and create web elements for amazing. High [&hellip;]<\/p>\n","protected":false},"author":1,"featured_media":0,"parent":0,"menu_order":0,"comment_status":"closed","ping_status":"closed","template":"template-home.php","meta":{"footnotes":""},"class_list":["post-7161","page","type-page","status-publish","hentry"],"_links":{"self":[{"href":"https:\/\/t-gate.co\/en\/wp-json\/wp\/v2\/pages\/7161","targetHints":{"allow":["GET"]}}],"collection":[{"href":"https:\/\/t-gate.co\/en\/wp-json\/wp\/v2\/pages"}],"about":[{"href":"https:\/\/t-gate.co\/en\/wp-json\/wp\/v2\/types\/page"}],"author":[{"embeddable":true,"href":"https:\/\/t-gate.co\/en\/wp-json\/wp\/v2\/users\/1"}],"replies":[{"embeddable":true,"href":"https:\/\/t-gate.co\/en\/wp-json\/wp\/v2\/comments?post=7161"}],"version-history":[{"count":9,"href":"https:\/\/t-gate.co\/en\/wp-json\/wp\/v2\/pages\/7161\/revisions"}],"predecessor-version":[{"id":8246,"href":"https:\/\/t-gate.co\/en\/wp-json\/wp\/v2\/pages\/7161\/revisions\/8246"}],"wp:attachment":[{"href":"https:\/\/t-gate.co\/en\/wp-json\/wp\/v2\/media?parent=7161"}],"curies":[{"name":"wp","href":"https:\/\/api.w.org\/{rel}","templated":true}]}}